{"id":144,"date":"2018-12-22T15:09:15","date_gmt":"2018-12-22T15:09:15","guid":{"rendered":"http:\/\/vfg.telenec.de\/?page_id=144"},"modified":"2026-03-29T23:56:28","modified_gmt":"2026-03-29T21:56:28","slug":"home","status":"publish","type":"page","link":"https:\/\/vfg-neustadt.de\/","title":{"rendered":"Startseite"},"content":{"rendered":"\r\n<p>&nbsp;<\/p>\r\n<p>Unser Verein ist eine gemeinn\u00fctzige Organisation, die das Miteinander von Hund und Mensch f\u00f6rdert. Wir sind Mitglied im Bayerischen Landesverband f\u00fcr Hundesport e.\u202fV. (BLV-Hundesport) und \u00fcber den Verband f\u00fcr das Deutsche Hundewesen (VDH) dem Weltverband der Kynologie, der F\u00e9d\u00e9ration Cynologique Internationale (FCI), angeschlossen.<\/p>\r\n<p>Im Mittelpunkt steht f\u00fcr uns, Dir und Deinem Hund ein harmonisches Zusammenleben im Alltag zu erm\u00f6glichen. Unter fachkundiger Anleitung unserer ehrenamtlichen Trainer lernst Du Schritt f\u00fcr Schritt, wie Dein Hund zu einem angenehmen Familienmitglied wird und wie ihr gemeinsam Alltagssituationen souver\u00e4n meistert.<\/p>\r\n<p>Am besten beginnt diese F\u00f6rderung schon im Welpenalter und kann Dich bis zum Ausbildungskennzeichen (AKZ) \u201eBegleithund\u201c (BH) begleiten, das Du durch eine international anerkannte Pr\u00fcfung erlangen kannst.<\/p>\r\n<p>Dar\u00fcber hinaus findest Du auf unserem Sportgel\u00e4nde \u201eAn der Kr\u00e4mere\u201c viele M\u00f6glichkeiten, gemeinsam mit Deinem Hund aktiv zu sein \u2013 ob zur Freizeitgestaltung oder f\u00fcr sportliche Herausforderungen.<\/p>\r\n<p>&nbsp;<\/p>\r\n<p>Mehr Informationen findest Du im Men\u00fcpunkt <em>Angebot<\/em>.<\/p>\r\n<p>&nbsp;<\/p>\r\n<p>&nbsp;<\/p>\r\n<p>&nbsp;<\/p>\r\n<hr \/>\r\n<h6>\u00a0<\/h6>\r\n<h6 style=\"text-align: center;\"><strong><span style=\"font-size: 14pt; color: #ff0000;\">Freude an einem Hund hast du erst,<\/span><\/strong><\/h6>\r\n<h6 style=\"text-align: center;\"><strong style=\"font-size: 16px;\"><span style=\"font-size: 14pt; color: #ff0000;\">wenn du nicht versuchst,<\/span><\/strong><\/h6>\r\n<h6 style=\"text-align: center;\"><strong><span style=\"font-size: 14pt; color: #ff0000;\">aus ihm einen halben Menschen zu machen.<\/span><\/strong><\/h6>\r\n<h6 style=\"text-align: center;\"><strong><span style=\"font-size: 14pt; color: #ff0000;\">Ziehe statt dessen doch einmal <\/span><\/strong><\/h6>\r\n<h6 style=\"text-align: center;\"><strong><span style=\"font-size: 14pt; color: #ff0000;\">die M\u00f6glichkeit in Betracht,<\/span><\/strong><\/h6>\r\n<h6 style=\"text-align: center;\"><strong><span style=\"font-size: 14pt; color: #ff0000;\">selbst zu einem halben Hund zu werden.<\/span><\/strong><\/h6>\r\n<h6 style=\"text-align: center;\"><br \/><span style=\"color: #000000;\"><strong><span style=\"font-size: 10pt;\">&#8211; Edward Hoagland &#8211;<\/span><\/strong><\/span><\/h6>\r\n<p>&nbsp;<\/p>\r\n<hr \/>\r\n<p>&nbsp;<\/p>\r\n<p>&nbsp;<\/p>\r\n","protected":false},"excerpt":{"rendered":"<p>&nbsp; Unser Verein ist eine gemeinn\u00fctzige Organisation, die das Miteinander von Hund und Mensch f\u00f6rdert. Wir sind Mitglied im Bayerischen Landesverband f\u00fcr Hundesport e.\u202fV. (BLV-Hundesport) und \u00fcber den Verband f\u00fcr das Deutsche Hundewesen (VDH) dem Weltverband der Kynologie, der F\u00e9d\u00e9ration Cynologique Internationale (FCI), angeschlossen. Im Mittelpunkt steht f\u00fcr uns, Dir und Deinem Hund ein harmonisches [&hellip;]<\/p>\n","protected":false},"author":4,"featured_media":0,"parent":0,"menu_order":0,"comment_status":"closed","ping_status":"closed","template":"","meta":{"footnotes":""},"class_list":["post-144","page","type-page","status-publish","hentry"],"jetpack_sharing_enabled":true,"_links":{"self":[{"href":"https:\/\/vfg-neustadt.de\/index.php?rest_route=\/wp\/v2\/pages\/144","targetHints":{"allow":["GET"]}}],"collection":[{"href":"https:\/\/vfg-neustadt.de\/index.php?rest_route=\/wp\/v2\/pages"}],"about":[{"href":"https:\/\/vfg-neustadt.de\/index.php?rest_route=\/wp\/v2\/types\/page"}],"author":[{"embeddable":true,"href":"https:\/\/vfg-neustadt.de\/index.php?rest_route=\/wp\/v2\/users\/4"}],"replies":[{"embeddable":true,"href":"https:\/\/vfg-neustadt.de\/index.php?rest_route=%2Fwp%2Fv2%2Fcomments&post=144"}],"version-history":[{"count":86,"href":"https:\/\/vfg-neustadt.de\/index.php?rest_route=\/wp\/v2\/pages\/144\/revisions"}],"predecessor-version":[{"id":1123,"href":"https:\/\/vfg-neustadt.de\/index.php?rest_route=\/wp\/v2\/pages\/144\/revisions\/1123"}],"wp:attachment":[{"href":"https:\/\/vfg-neustadt.de\/index.php?rest_route=%2Fwp%2Fv2%2Fmedia&parent=144"}],"curies":[{"name":"wp","href":"https:\/\/api.w.org\/{rel}","templated":true}]}}