{"id":175,"date":"2018-12-22T15:46:26","date_gmt":"2018-12-22T15:46:26","guid":{"rendered":"http:\/\/vfg.telenec.de\/?page_id=175"},"modified":"2026-03-30T00:23:03","modified_gmt":"2026-03-29T22:23:03","slug":"welpenschule","status":"publish","type":"page","link":"https:\/\/vfg-neustadt.de\/?page_id=175","title":{"rendered":"Welpenpr\u00e4gekurs"},"content":{"rendered":"<p><span style=\"font-size: 14pt;\"><\/span><\/p>\r\n<p><img loading=\"lazy\" decoding=\"async\" class=\"wp-image-1126 size-full alignnone\" src=\"https:\/\/vfg-neustadt.de\/wp-content\/uploads\/2026\/03\/Welpenpraegekurs-scaled.png\" alt=\"\" width=\"2560\" height=\"768\" srcset=\"https:\/\/vfg-neustadt.de\/wp-content\/uploads\/2026\/03\/Welpenpraegekurs-scaled.png 2560w, https:\/\/vfg-neustadt.de\/wp-content\/uploads\/2026\/03\/Welpenpraegekurs-300x90.png 300w, https:\/\/vfg-neustadt.de\/wp-content\/uploads\/2026\/03\/Welpenpraegekurs-1024x307.png 1024w, https:\/\/vfg-neustadt.de\/wp-content\/uploads\/2026\/03\/Welpenpraegekurs-768x230.png 768w, https:\/\/vfg-neustadt.de\/wp-content\/uploads\/2026\/03\/Welpenpraegekurs-1536x461.png 1536w, https:\/\/vfg-neustadt.de\/wp-content\/uploads\/2026\/03\/Welpenpraegekurs-2048x614.png 2048w\" sizes=\"auto, (max-width: 2560px) 100vw, 2560px\" \/><\/p>\r\n<p>&nbsp;<\/p>\r\n<h2 class=\"wp-block-heading\"><span style=\"font-size: 12pt;\"><strong>Bei uns beginnt der gro\u00dfe Spa\u00df ganz klein<\/strong><\/span><\/h2>\r\n<p><span style=\"font-size: 12pt;\">\r\n\r\n<\/span><\/p>\r\n<p><span style=\"font-size: 12pt;\">Was sie in ihren ersten Tage und Wochen erleben, pr\u00e4gt Welpen f\u00fcr ihr ganzes weiteres Leben. Deshalb arbeiten wir mit ihnen besonders behutsam &#8211; in kleinen Gruppen als geschlossener Kurs. Mehrere Wochen lang legen wir spielerisch und individuell die Grundsteine f\u00fcr einen ausgeglichenen und souver\u00e4nen Familienhund.<\/span><\/p>\r\n<p><span style=\"font-size: 12pt;\">\r\n\r\n<\/span><\/p>\r\n<p><span style=\"font-size: 12pt;\">Die Kurseinheiten bauen aufeinander auf, um Ziele sicher zu erreichen wie z. B.<\/span><\/p>\r\n<p><span style=\"font-size: 12pt;\">\r\n\r\n<\/span><\/p>\r\n<ul class=\"wp-block-list\">\r\n<li><span style=\"font-size: 12pt;\">Bindung | Beziehung | Vertrauen<\/span><\/li>\r\n<li><span style=\"font-size: 12pt;\">Laufordnung<\/span><\/li>\r\n<li><span style=\"font-size: 12pt;\">R\u00fcckruf<\/span><\/li>\r\n<li><span style=\"font-size: 12pt;\">Verhaltensbeeinflussung<\/span><\/li>\r\n<\/ul>\r\n<p><span style=\"font-size: 12pt;\">\r\n\r\n<\/span><\/p>\r\n<p><span style=\"font-size: 12pt;\">\r\n\r\n<\/span><\/p>\r\n<p><span style=\"font-size: 12pt;\">Der Welpenkurs findet \u00fcblicherweise sonntags auf unserem Vereinsgel\u00e4nde statt. Zuschauer sind jederzeit herzlich willkommen. Teilnahmeinteressenten bieten wir M\u00f6glichkeit zu einer kostenlosen Schnupperstunde.<\/span><\/p>\r\n<p><span style=\"font-size: 12pt;\">\r\n\r\n<\/span><\/p>\r\n<p><span style=\"font-size: 12pt;\">Zur Buchung der Kurse ist Mitgliedschaft im Verein nicht erforderlich. <\/span><span style=\"font-size: 12pt;\">\u00dcber Einzelheiten informiert auf Anfrage gerne unsere Ausbildungsleiterin Kerstin.<\/span><\/p>\r\n<p><span style=\"font-size: 12pt;\">\r\n\r\n<\/span><\/p>\r\n<p><span style=\"font-size: 14pt;\">\r\n\r\n<\/span><\/p>","protected":false},"excerpt":{"rendered":"<p>&nbsp; Bei uns beginnt der gro\u00dfe Spa\u00df ganz klein Was sie in ihren ersten Tage und Wochen erleben, pr\u00e4gt Welpen f\u00fcr ihr ganzes weiteres Leben. Deshalb arbeiten wir mit ihnen besonders behutsam &#8211; in kleinen Gruppen als geschlossener Kurs. Mehrere Wochen lang legen wir spielerisch und individuell die Grundsteine f\u00fcr einen ausgeglichenen und souver\u00e4nen Familienhund. [&hellip;]<\/p>\n","protected":false},"author":3,"featured_media":0,"parent":0,"menu_order":0,"comment_status":"closed","ping_status":"closed","template":"","meta":{"footnotes":""},"class_list":["post-175","page","type-page","status-publish","hentry"],"jetpack_sharing_enabled":true,"_links":{"self":[{"href":"https:\/\/vfg-neustadt.de\/index.php?rest_route=\/wp\/v2\/pages\/175","targetHints":{"allow":["GET"]}}],"collection":[{"href":"https:\/\/vfg-neustadt.de\/index.php?rest_route=\/wp\/v2\/pages"}],"about":[{"href":"https:\/\/vfg-neustadt.de\/index.php?rest_route=\/wp\/v2\/types\/page"}],"author":[{"embeddable":true,"href":"https:\/\/vfg-neustadt.de\/index.php?rest_route=\/wp\/v2\/users\/3"}],"replies":[{"embeddable":true,"href":"https:\/\/vfg-neustadt.de\/index.php?rest_route=%2Fwp%2Fv2%2Fcomments&post=175"}],"version-history":[{"count":41,"href":"https:\/\/vfg-neustadt.de\/index.php?rest_route=\/wp\/v2\/pages\/175\/revisions"}],"predecessor-version":[{"id":1135,"href":"https:\/\/vfg-neustadt.de\/index.php?rest_route=\/wp\/v2\/pages\/175\/revisions\/1135"}],"wp:attachment":[{"href":"https:\/\/vfg-neustadt.de\/index.php?rest_route=%2Fwp%2Fv2%2Fmedia&parent=175"}],"curies":[{"name":"wp","href":"https:\/\/api.w.org\/{rel}","templated":true}]}}