{"id":176,"date":"2018-12-22T15:47:15","date_gmt":"2018-12-22T15:47:15","guid":{"rendered":"http:\/\/vfg.telenec.de\/?page_id=176"},"modified":"2019-10-06T17:51:42","modified_gmt":"2019-10-06T15:51:42","slug":"rally-obedience","status":"publish","type":"page","link":"https:\/\/vfg-neustadt.de\/?page_id=176","title":{"rendered":"Rally Obedience"},"content":{"rendered":"\r\n<h2 class=\"wp-block-heading\"><span style=\"font-size: 12pt;\"><strong>Rally Obedience = Grundgehorsam mit Spa\u00df<\/strong><\/span><\/h2>\r\n<p><span style=\"font-size: 12pt;\">\r\n\r\n<\/span><\/p>\r\n<p><span style=\"font-size: 12pt;\">Rally Obedience ist ein Hundesport, f\u00fcr den fast jeder Hundehalter geeignet ist. Bei den Unterordnungs\u00fcbungen stehen vor allem Spa\u00df f\u00fcr Zwei- und Vierbeiner im Vordergrund. Bei der Kombination aus Parcours und Unterordnung sind Pr\u00e4zision und Tempo gleicherma\u00dfen gefragt. Au\u00dferdem werden vom Hund-Mensch-Team perfekte Kommunikation und partnerschaftliche Zusammenarbeit gefordert. <\/span><\/p>\r\n<p><span style=\"font-size: 12pt;\">\r\n\r\n<\/span><\/p>\r\n<p><span style=\"font-size: 12pt;\">\r\n\r\n<\/span><\/p>\r\n<p style=\"text-align: left;\"><span style=\"font-size: 12pt;\"><strong>Wie geht&#8217;s?<br \/><\/strong>Das Mensch-Hund-Team durchl\u00e4uft m\u00f6glichst schnell einen Parcours. Der Hund l\u00e4uft bei Fu\u00df oder an lockerer Leine. Innerhalb des Parcours gibt es verschiedene Stationen, an denen Schilder aufgestellt sind. Auf diesen Schildern stehen geforderte \u00dcbung, die vom Team an dieser Stelle auszuf\u00fchren sind.<\/span><\/p>\r\n<p><span style=\"font-size: 12pt;\">\r\n\r\n<\/span><\/p>\r\n<p><span style=\"font-size: 12pt;\"><strong>Beispiele f\u00fcr \u00dcbungen<\/strong><\/span><\/p>\r\n<p><span style=\"font-size: 12pt;\">\r\n\r\n<\/span><\/p>\r\n<ul class=\"wp-block-list\">\r\n<li><span style=\"font-size: 12pt;\">Links- oder Rechtswendungen um 90\u00b0, 180\u00b0, 270\u00b0 oder 360\u00b0<\/span><\/li>\r\n<li><span style=\"font-size: 12pt;\">ein Slalom um Pylonen gehen (mit und ohne Futterablenkung)<\/span><\/li>\r\n<li><span style=\"font-size: 12pt;\">Bleib-\u00dcbungen im Sitz oder Platz<\/span><\/li>\r\n<li><span style=\"font-size: 12pt;\">Vorsitzen<\/span><\/li>\r\n<li><span style=\"font-size: 12pt;\">Platz aus der Bewegung<\/span><\/li>\r\n<li><span style=\"font-size: 12pt;\">Kehrt- bzw. Doppel-Kehrt<\/span><\/li>\r\n<\/ul>\r\n<p><span style=\"font-size: 12pt;\">\r\n\r\n<\/span><\/p>\r\n<p><span style=\"font-size: 12pt;\"><strong>Rally Obedience ist ein Hundesport f\u00fcr die ganze Familie<br \/>&#8211; egal ob jung oder alt!<br \/><\/strong>Das Sch\u00f6ne am Rally Obedience ist, dass es f\u00fcr fast jedes Hund- und Mensch-Team geeignet ist. Egal ob gro\u00dfe oder kleine, alte oder junge, schwere oder leichte, unbegrenzt mobile oder mobilit\u00e4tsbegrenzte Menschen und Hunde &#8211; alle k\u00f6nnen und sollen teilnehmen.<strong><br \/><\/strong><\/span><\/p>\r\n<p><span style=\"font-size: 12pt;\">\r\n\r\n<\/span><\/p>\r\n<p><span style=\"font-size: 12pt;\">\r\n\r\n<\/span><\/p>\r\n<p><span style=\"font-size: 12pt;\">Auch die Voraussetzungen, um am Training mitmachen zu k\u00f6nnen, halten sich in Grenzen: Mit ein wenig \u00dcbung ist ein Parcours schnell erfolgreich und mit Spa\u00df zu bew\u00e4ltigen <\/span><\/p>\r\n<p><span style=\"font-size: 12pt;\">\r\n\r\n<\/span><\/p>\r\n<p><span style=\"font-size: 12pt;\">Der VfG Neustadt bietet RO-Training<strong>\u00a0Just for Fun<\/strong>\u00a0an. Das hei\u00dft, unser Training richtet sich an Hund und Mensch\u00a0<strong>ohne Turnierambitionen<\/strong>.\u00a0 Es ist nicht unsere Intention, Wettk\u00e4mpfe zu bestreiten.<\/span><\/p>\r\n\r\n\r\n\r\n<p>&nbsp;<\/p>\r\n","protected":false},"excerpt":{"rendered":"<p>Rally Obedience = Grundgehorsam mit Spa\u00df Rally Obedience ist ein Hundesport, f\u00fcr den fast jeder Hundehalter geeignet ist. Bei den Unterordnungs\u00fcbungen stehen vor allem Spa\u00df f\u00fcr Zwei- und Vierbeiner im Vordergrund. Bei der Kombination aus Parcours und Unterordnung sind Pr\u00e4zision und Tempo gleicherma\u00dfen gefragt. Au\u00dferdem werden vom Hund-Mensch-Team perfekte Kommunikation und partnerschaftliche Zusammenarbeit gefordert. Wie [&hellip;]<\/p>\n","protected":false},"author":4,"featured_media":0,"parent":0,"menu_order":0,"comment_status":"closed","ping_status":"closed","template":"sidebar-page.php","meta":{"footnotes":""},"class_list":["post-176","page","type-page","status-publish","hentry"],"jetpack_sharing_enabled":true,"_links":{"self":[{"href":"https:\/\/vfg-neustadt.de\/index.php?rest_route=\/wp\/v2\/pages\/176","targetHints":{"allow":["GET"]}}],"collection":[{"href":"https:\/\/vfg-neustadt.de\/index.php?rest_route=\/wp\/v2\/pages"}],"about":[{"href":"https:\/\/vfg-neustadt.de\/index.php?rest_route=\/wp\/v2\/types\/page"}],"author":[{"embeddable":true,"href":"https:\/\/vfg-neustadt.de\/index.php?rest_route=\/wp\/v2\/users\/4"}],"replies":[{"embeddable":true,"href":"https:\/\/vfg-neustadt.de\/index.php?rest_route=%2Fwp%2Fv2%2Fcomments&post=176"}],"version-history":[{"count":11,"href":"https:\/\/vfg-neustadt.de\/index.php?rest_route=\/wp\/v2\/pages\/176\/revisions"}],"predecessor-version":[{"id":606,"href":"https:\/\/vfg-neustadt.de\/index.php?rest_route=\/wp\/v2\/pages\/176\/revisions\/606"}],"wp:attachment":[{"href":"https:\/\/vfg-neustadt.de\/index.php?rest_route=%2Fwp%2Fv2%2Fmedia&parent=176"}],"curies":[{"name":"wp","href":"https:\/\/api.w.org\/{rel}","templated":true}]}}