{"id":178,"date":"2018-12-22T15:47:06","date_gmt":"2018-12-22T15:47:06","guid":{"rendered":"http:\/\/vfg.telenec.de\/?page_id=178"},"modified":"2026-03-30T00:31:34","modified_gmt":"2026-03-29T22:31:34","slug":"sitzplatzbleib","status":"publish","type":"page","link":"https:\/\/vfg-neustadt.de\/?page_id=178","title":{"rendered":"SitzPlatzBleib"},"content":{"rendered":"\r\n<p><img loading=\"lazy\" decoding=\"async\" class=\"size-full wp-image-1136 alignnone\" src=\"https:\/\/vfg-neustadt.de\/wp-content\/uploads\/2026\/03\/Kopie-von-Kopie-von-Erziehung.png\" alt=\"\" width=\"1180\" height=\"354\" srcset=\"https:\/\/vfg-neustadt.de\/wp-content\/uploads\/2026\/03\/Kopie-von-Kopie-von-Erziehung.png 1180w, https:\/\/vfg-neustadt.de\/wp-content\/uploads\/2026\/03\/Kopie-von-Kopie-von-Erziehung-300x90.png 300w, https:\/\/vfg-neustadt.de\/wp-content\/uploads\/2026\/03\/Kopie-von-Kopie-von-Erziehung-1024x307.png 1024w, https:\/\/vfg-neustadt.de\/wp-content\/uploads\/2026\/03\/Kopie-von-Kopie-von-Erziehung-768x230.png 768w\" sizes=\"auto, (max-width: 1180px) 100vw, 1180px\" \/><\/p>\r\n<p><span style=\"font-size: 14pt;\"><strong>Die Vorbereitung f\u00fcr die Begleithundepr\u00fcfung<\/strong><\/span><\/p>\r\n<p><span style=\"font-size: 14pt;\">\r\n\r\n<\/span><\/p>\r\n<p><span style=\"font-size: 12pt;\">In der Gruppe <strong>SitzPlatzBleib<\/strong> werden unter Leitung von Kerstin Hunde <strong>ausgebildet<\/strong>. Ziel ist das Erlernen und sichere Ausf\u00fchren von Grundkommandos f\u00fcr Begleithunde im Sinne der Pr\u00fcfungsordnung.<\/span><\/p>\r\n<p><span style=\"font-size: 12pt;\">\r\n\r\n<\/span><\/p>\r\n<p><span style=\"font-size: 12pt;\">Jedes Mensch\u2013Hund\u2013Team arbeitet einzeln oder in einer kleinen Gruppe. Aufmerksamkeit, Motivation und korrektes Arbeiten stehen daf\u00fcr im Vordergrund. Der Hund soll zuverl\u00e4ssig die erlernten H\u00f6rzeichen (HZ) ausf\u00fchren und Freude bei der Arbeit haben. Fu\u00df gehen (HZ &#8222;Fu\u00df&#8220;), Ablegen (&#8222;Platz&#8220;) unter Ablenkung (&#8222;Bleib&#8220;), Platz mit Herankommen (&#8222;Platz&#8220; \u2192 &#8222;Hier&#8220;), Setzen aus der Bewegung (&#8222;Sitz&#8220;) und Freifolge sind daf\u00fcr einige Beispiele.<\/span><\/p>\r\n<p><span style=\"font-size: 12pt;\">\r\n\r\n<\/span><\/p>\r\n<p><span style=\"font-size: 12pt;\">Ziel ist die Bef\u00e4higung zur Erlangung des Ausbildungskennzeichens &#8222;Begleithund&#8220; (BH) durch anerkannte Pr\u00fcfung. Die Teilnahme an dieser Pr\u00fcfung ist optional. Wer sie ablegen will, muss aus verbandsrechtlichen Gr\u00fcnden einem Verein angeh\u00f6ren, der dem VDH angeschlossen ist (z. B. VfG Neustadt). In der Regel organisieren wir allj\u00e4hrlich im Herbst einen BH-Pr\u00fcfungstag, zu dem ein BLV-Richter anreist und die Pr\u00fcfungen abnimmt. Das Ausbildungskennzeichen BH ist Mindestvoraussetzung f\u00fcr die Teilnahme eines Hundes an Leistungspr\u00fcfungen und Wettbewerben des Hundesports, wie Agility, Turnierhundesport (THS), oder Obedience.<br \/><\/span><\/p>\r\n<p><span style=\"font-size: 12pt;\">\r\n\r\n<\/span><\/p>\r\n<p><span style=\"font-size: 12pt;\">\r\n\r\n<\/span><\/p>\r\n<p>&nbsp;<\/p>\r\n<p><span style=\"font-size: 12pt;\"><strong>SitzPlatzBleib<\/strong> findet \u00fcblicherweise Sonntagvormittag auf unserem Vereinsgel\u00e4nde statt. Zuschauer sind jederzeit herzlich willkommen.\u00a0<\/span><\/p>\r\n<p><span style=\"font-size: 12pt;\">\r\n\r\n<\/span><\/p>\r\n<p><span style=\"font-size: 12pt;\">\r\n\r\n<\/span><\/p>\r\n<p><span style=\"font-size: 12pt;\">\u00dcber Einzelheiten informiert auf Anfrage gerne unsere Ausbildungsleiterin Kerstin.<\/span><\/p>\r\n","protected":false},"excerpt":{"rendered":"<p>Die Vorbereitung f\u00fcr die Begleithundepr\u00fcfung In der Gruppe SitzPlatzBleib werden unter Leitung von Kerstin Hunde ausgebildet. Ziel ist das Erlernen und sichere Ausf\u00fchren von Grundkommandos f\u00fcr Begleithunde im Sinne der Pr\u00fcfungsordnung. Jedes Mensch\u2013Hund\u2013Team arbeitet einzeln oder in einer kleinen Gruppe. Aufmerksamkeit, Motivation und korrektes Arbeiten stehen daf\u00fcr im Vordergrund. Der Hund soll zuverl\u00e4ssig die erlernten [&hellip;]<\/p>\n","protected":false},"author":3,"featured_media":0,"parent":0,"menu_order":0,"comment_status":"closed","ping_status":"closed","template":"","meta":{"footnotes":""},"class_list":["post-178","page","type-page","status-publish","hentry"],"jetpack_sharing_enabled":true,"_links":{"self":[{"href":"https:\/\/vfg-neustadt.de\/index.php?rest_route=\/wp\/v2\/pages\/178","targetHints":{"allow":["GET"]}}],"collection":[{"href":"https:\/\/vfg-neustadt.de\/index.php?rest_route=\/wp\/v2\/pages"}],"about":[{"href":"https:\/\/vfg-neustadt.de\/index.php?rest_route=\/wp\/v2\/types\/page"}],"author":[{"embeddable":true,"href":"https:\/\/vfg-neustadt.de\/index.php?rest_route=\/wp\/v2\/users\/3"}],"replies":[{"embeddable":true,"href":"https:\/\/vfg-neustadt.de\/index.php?rest_route=%2Fwp%2Fv2%2Fcomments&post=178"}],"version-history":[{"count":35,"href":"https:\/\/vfg-neustadt.de\/index.php?rest_route=\/wp\/v2\/pages\/178\/revisions"}],"predecessor-version":[{"id":1139,"href":"https:\/\/vfg-neustadt.de\/index.php?rest_route=\/wp\/v2\/pages\/178\/revisions\/1139"}],"wp:attachment":[{"href":"https:\/\/vfg-neustadt.de\/index.php?rest_route=%2Fwp%2Fv2%2Fmedia&parent=178"}],"curies":[{"name":"wp","href":"https:\/\/api.w.org\/{rel}","templated":true}]}}