{"id":712,"date":"2019-03-01T13:07:18","date_gmt":"2019-03-01T13:07:18","guid":{"rendered":"http:\/\/vfg.telenec.de\/?page_id=712"},"modified":"2026-03-30T11:20:15","modified_gmt":"2026-03-30T09:20:15","slug":"impressum","status":"publish","type":"page","link":"https:\/\/vfg-neustadt.de\/?page_id=712","title":{"rendered":"Impressum"},"content":{"rendered":"<p><span style=\"font-size: 14pt;\"><strong>IMPRESSUM<\/strong><\/span><br \/>\n<strong><span style=\"font-size: 12pt;\">VfG \u2013 Verein f\u00fcr Gebrauchshunde Neustadt und Umgebung e.V<\/span><\/strong><br \/>\nBergstra\u00dfe 21, 96486 Lautertal<\/p>\n<p><strong>Vertreten durch:<\/strong><br \/>\nKerstin Dorschner (1. Vorsitzender)<br \/>\nKornelia Lieb (2. Vorsitzende)<\/p>\n<p><strong>Kontakt:<\/strong><br \/>\nTelefon: 0171 3739601<br \/>\nE-Mail: <a href=\"mailto:info@vfg-neustadt.de\">info@vfg-neustadt.de<\/a><\/p>\n<p><strong>Registereintrag:<\/strong><br \/>\nEingetragen im Vereinsregister beim Amtsgericht Coburg<br \/>\nVereinsregister-Nummer: VR: 854-J-2023<\/p>\n<p><strong>Verantwortlich f\u00fcr den Inhalt nach \u00a7 18 Abs. 2 MStV:<\/strong><br \/>\nKerstin Dorschner<br \/>\nBergstra\u00dfe 21, 96486 Lautertal<\/p>\n<p><strong>Umsatzsteuer-Identifikationsnummer gem\u00e4\u00df \u00a7 27a Umsatzsteuergesetz:<\/strong><br \/>\nKeine \u2013 der Verein ist als gemeinn\u00fctzig anerkannt und nicht umsatzsteuerpflichtig.<\/p>\n<p><strong>Gemeinn\u00fctzigkeit:<\/strong><br \/>\nDer VfG &#8211; Verein f\u00fcr Gebrauchshunde Neustadt und Umgebung e. V. ist gem\u00e4\u00df Bescheid des Finanzamts Coburg (Steuernummer 212\/111\/30315) vom 11.04.2024 als gemeinn\u00fctzig anerkannt und zur F\u00f6rderung des Hundesports berechtigt.<\/p>\n<p><strong>Haftungsausschluss (Disclaimer):<\/strong><br \/>\nTrotz sorgf\u00e4ltiger inhaltlicher Kontrolle \u00fcbernehmen wir keine Haftung f\u00fcr die Inhalte<br \/>\nexterner Links.<br \/>\nF\u00fcr den Inhalt der verlinkten Seiten sind ausschlie\u00dflich deren Betreiber verantwortlich.<\/p>\n<p><strong>Urheberrecht:<\/strong><br \/>\nDie durch den Verein erstellten Inhalte und Werke auf diesen Seiten unterliegen dem<br \/>\ndeutschen Urheberrecht. Vervielf\u00e4ltigung, Bearbeitung, Verbreitung und jede Art der Verwertung au\u00dferhalb der Grenzen des Urheberrechts bed\u00fcrfen der schriftlichen Zustimmung des VfG \u2013 Verein f\u00fcr Gebrauchshunde Neustadt und Umgebung e.V.<\/p>\n","protected":false},"excerpt":{"rendered":"<p>IMPRESSUM VfG \u2013 Verein f\u00fcr Gebrauchshunde Neustadt und Umgebung e.V Bergstra\u00dfe 21, 96486 Lautertal Vertreten durch: Kerstin Dorschner (1. Vorsitzender) Kornelia Lieb (2. Vorsitzende) Kontakt: Telefon: 0171 3739601 E-Mail: info@vfg-neustadt.de Registereintrag: Eingetragen im Vereinsregister beim Amtsgericht Coburg Vereinsregister-Nummer: VR: 854-J-2023 Verantwortlich f\u00fcr den Inhalt nach \u00a7 18 Abs. 2 MStV: Kerstin Dorschner Bergstra\u00dfe 21, 96486 [&hellip;]<\/p>\n","protected":false},"author":2,"featured_media":0,"parent":0,"menu_order":0,"comment_status":"closed","ping_status":"closed","template":"","meta":{"footnotes":""},"class_list":["post-712","page","type-page","status-publish","hentry"],"jetpack_sharing_enabled":true,"_links":{"self":[{"href":"https:\/\/vfg-neustadt.de\/index.php?rest_route=\/wp\/v2\/pages\/712","targetHints":{"allow":["GET"]}}],"collection":[{"href":"https:\/\/vfg-neustadt.de\/index.php?rest_route=\/wp\/v2\/pages"}],"about":[{"href":"https:\/\/vfg-neustadt.de\/index.php?rest_route=\/wp\/v2\/types\/page"}],"author":[{"embeddable":true,"href":"https:\/\/vfg-neustadt.de\/index.php?rest_route=\/wp\/v2\/users\/2"}],"replies":[{"embeddable":true,"href":"https:\/\/vfg-neustadt.de\/index.php?rest_route=%2Fwp%2Fv2%2Fcomments&post=712"}],"version-history":[{"count":7,"href":"https:\/\/vfg-neustadt.de\/index.php?rest_route=\/wp\/v2\/pages\/712\/revisions"}],"predecessor-version":[{"id":1155,"href":"https:\/\/vfg-neustadt.de\/index.php?rest_route=\/wp\/v2\/pages\/712\/revisions\/1155"}],"wp:attachment":[{"href":"https:\/\/vfg-neustadt.de\/index.php?rest_route=%2Fwp%2Fv2%2Fmedia&parent=712"}],"curies":[{"name":"wp","href":"https:\/\/api.w.org\/{rel}","templated":true}]}}