{"id":960,"date":"2026-01-09T21:22:23","date_gmt":"2026-01-09T20:22:23","guid":{"rendered":"https:\/\/vfg-neustadt.de\/?page_id=960"},"modified":"2026-03-30T00:39:38","modified_gmt":"2026-03-29T22:39:38","slug":"der-hundeheldenpass-fuer-kinder-und-jugendliche","status":"publish","type":"page","link":"https:\/\/vfg-neustadt.de\/?page_id=960","title":{"rendered":"Kinder und Jugendliche"},"content":{"rendered":"<p><img loading=\"lazy\" decoding=\"async\" class=\"size-full wp-image-1140 alignnone\" src=\"https:\/\/vfg-neustadt.de\/wp-content\/uploads\/2026\/03\/Hundeheldenpass-scaled.png\" alt=\"\" width=\"2560\" height=\"768\" srcset=\"https:\/\/vfg-neustadt.de\/wp-content\/uploads\/2026\/03\/Hundeheldenpass-scaled.png 2560w, https:\/\/vfg-neustadt.de\/wp-content\/uploads\/2026\/03\/Hundeheldenpass-300x90.png 300w, https:\/\/vfg-neustadt.de\/wp-content\/uploads\/2026\/03\/Hundeheldenpass-1024x307.png 1024w, https:\/\/vfg-neustadt.de\/wp-content\/uploads\/2026\/03\/Hundeheldenpass-768x230.png 768w, https:\/\/vfg-neustadt.de\/wp-content\/uploads\/2026\/03\/Hundeheldenpass-1536x461.png 1536w, https:\/\/vfg-neustadt.de\/wp-content\/uploads\/2026\/03\/Hundeheldenpass-2048x614.png 2048w\" sizes=\"auto, (max-width: 2560px) 100vw, 2560px\" \/><\/p>\n<p>Mit dem Angebot \u201eHundeheldenpass\u201c vermittelt der VfG Jugend in kindgerechten Lernstunden durch Gruppenleiter\/innen sowie P\u00e4dagogen\/innen grundlegendes Wissen \u00fcber das Verhalten und die Bed\u00fcrfnisse von Hunden. Durch spielerische \u00dcbungen und praktische Erfahrungen lernen die Kinder <span class=\"a_GcMg font-feature-liga-off font-feature-clig-off font-feature-calt-off text-decoration-none text-strikethrough-none\">wie sie sich sicher, ruhig und freundlich gegen\u00fcber Hunden <\/span><span class=\"a_GcMg font-feature-liga-off font-feature-clig-off font-feature-calt-off text-decoration-none text-strikethrough-none\">verhalten.<\/span><\/p>\n<p>&nbsp;<\/p>\n<p><strong>Unter anderem d\u00fcrft ihr euch darauf freuen:\u00a0<\/strong><\/p>\n<p><strong>Just 4 Fun<\/strong><\/p>\n<ul>\n<li class=\"cvGsUA direction-ltr align-start para-style-body\" style=\"text-align: left;\"><span class=\"a_GcMg font-feature-liga-off font-feature-clig-off font-feature-calt-off text-decoration-none text-strikethrough-none\">1&#215;1 der Hundeerziehung<\/span><\/li>\n<li class=\"cvGsUA direction-ltr align-start para-style-body\" style=\"text-align: left;\"><span class=\"a_GcMg font-feature-liga-off font-feature-clig-off font-feature-calt-off text-decoration-none text-strikethrough-none\">Sitz Platz Bleib &#8211; \u00dcbungen<\/span><\/li>\n<li class=\"cvGsUA direction-ltr align-start para-style-body\" style=\"text-align: left;\"><span class=\"a_GcMg font-feature-liga-off font-feature-clig-off font-feature-calt-off text-decoration-none text-strikethrough-none\">Spa\u00df im Schilderwald<\/span><\/li>\n<li class=\"cvGsUA direction-ltr align-start para-style-body\" style=\"text-align: left;\"><span class=\"a_GcMg font-feature-liga-off font-feature-clig-off font-feature-calt-off text-decoration-none text-strikethrough-none\">Ger\u00e4tetraining\/Agility<\/span><\/li>\n<\/ul>\n<p><a href=\"https:\/\/vfg-neustadt.de\/wp-content\/uploads\/2026\/03\/Kopie-von-Flyer-Vfg-Jugend_V3-A6.png\"><img loading=\"lazy\" decoding=\"async\" class=\"alignnone size-medium wp-image-1096\" src=\"https:\/\/vfg-neustadt.de\/wp-content\/uploads\/2026\/03\/Kopie-von-Flyer-Vfg-Jugend_V3-A6-213x300.png\" alt=\"\" width=\"213\" height=\"300\" srcset=\"https:\/\/vfg-neustadt.de\/wp-content\/uploads\/2026\/03\/Kopie-von-Flyer-Vfg-Jugend_V3-A6-213x300.png 213w, https:\/\/vfg-neustadt.de\/wp-content\/uploads\/2026\/03\/Kopie-von-Flyer-Vfg-Jugend_V3-A6-726x1024.png 726w, https:\/\/vfg-neustadt.de\/wp-content\/uploads\/2026\/03\/Kopie-von-Flyer-Vfg-Jugend_V3-A6-768x1083.png 768w, https:\/\/vfg-neustadt.de\/wp-content\/uploads\/2026\/03\/Kopie-von-Flyer-Vfg-Jugend_V3-A6-1090x1536.png 1090w, https:\/\/vfg-neustadt.de\/wp-content\/uploads\/2026\/03\/Kopie-von-Flyer-Vfg-Jugend_V3-A6.png 1240w\" sizes=\"auto, (max-width: 213px) 100vw, 213px\" \/><\/a><\/p>\n<p>&nbsp;<\/p>\n<p>Bei Interesse oder Fragen kontaktiert uns gerne per E-Mail unter <a href=\"mailto:info@vfg-neustadt.de\">info@vfg-neustadt.de<\/a><\/p>\n<p>&nbsp;<\/p>\n<hr \/>\n<p><a href=\"https:\/\/vfg-neustadt.de\/wp-content\/uploads\/2026\/01\/PAGE-3994940.jpg\"><img loading=\"lazy\" decoding=\"async\" class=\"aligncenter size-full wp-image-973\" src=\"https:\/\/vfg-neustadt.de\/wp-content\/uploads\/2026\/01\/PAGE-3994940.jpg\" alt=\"\" width=\"1984\" height=\"1742\" srcset=\"https:\/\/vfg-neustadt.de\/wp-content\/uploads\/2026\/01\/PAGE-3994940.jpg 1984w, https:\/\/vfg-neustadt.de\/wp-content\/uploads\/2026\/01\/PAGE-3994940-300x263.jpg 300w, https:\/\/vfg-neustadt.de\/wp-content\/uploads\/2026\/01\/PAGE-3994940-1024x899.jpg 1024w, https:\/\/vfg-neustadt.de\/wp-content\/uploads\/2026\/01\/PAGE-3994940-768x674.jpg 768w, https:\/\/vfg-neustadt.de\/wp-content\/uploads\/2026\/01\/PAGE-3994940-1536x1349.jpg 1536w, https:\/\/vfg-neustadt.de\/wp-content\/uploads\/2026\/01\/PAGE-3994940-342x300.jpg 342w\" sizes=\"auto, (max-width: 1984px) 100vw, 1984px\" \/><\/a><\/p>\n<p>&nbsp;<\/p>\n<p>&nbsp;<\/p>\n","protected":false},"excerpt":{"rendered":"<p>Mit dem Angebot \u201eHundeheldenpass\u201c vermittelt der VfG Jugend in kindgerechten Lernstunden durch Gruppenleiter\/innen sowie P\u00e4dagogen\/innen grundlegendes Wissen \u00fcber das Verhalten und die Bed\u00fcrfnisse von Hunden. Durch spielerische \u00dcbungen und praktische Erfahrungen lernen die Kinder wie sie sich sicher, ruhig und freundlich gegen\u00fcber Hunden verhalten. &nbsp; Unter anderem d\u00fcrft ihr euch darauf freuen:\u00a0 Just 4 Fun [&hellip;]<\/p>\n","protected":false},"author":4,"featured_media":0,"parent":0,"menu_order":0,"comment_status":"closed","ping_status":"closed","template":"","meta":{"footnotes":""},"class_list":["post-960","page","type-page","status-publish","hentry"],"jetpack_sharing_enabled":true,"_links":{"self":[{"href":"https:\/\/vfg-neustadt.de\/index.php?rest_route=\/wp\/v2\/pages\/960","targetHints":{"allow":["GET"]}}],"collection":[{"href":"https:\/\/vfg-neustadt.de\/index.php?rest_route=\/wp\/v2\/pages"}],"about":[{"href":"https:\/\/vfg-neustadt.de\/index.php?rest_route=\/wp\/v2\/types\/page"}],"author":[{"embeddable":true,"href":"https:\/\/vfg-neustadt.de\/index.php?rest_route=\/wp\/v2\/users\/4"}],"replies":[{"embeddable":true,"href":"https:\/\/vfg-neustadt.de\/index.php?rest_route=%2Fwp%2Fv2%2Fcomments&post=960"}],"version-history":[{"count":11,"href":"https:\/\/vfg-neustadt.de\/index.php?rest_route=\/wp\/v2\/pages\/960\/revisions"}],"predecessor-version":[{"id":1141,"href":"https:\/\/vfg-neustadt.de\/index.php?rest_route=\/wp\/v2\/pages\/960\/revisions\/1141"}],"wp:attachment":[{"href":"https:\/\/vfg-neustadt.de\/index.php?rest_route=%2Fwp%2Fv2%2Fmedia&parent=960"}],"curies":[{"name":"wp","href":"https:\/\/api.w.org\/{rel}","templated":true}]}}